{"id":3,"date":"2018-07-31T08:48:32","date_gmt":"2018-07-31T08:48:32","guid":{"rendered":"http:\/\/pdc.com\/hti\/?page_id=3"},"modified":"2022-05-19T08:04:57","modified_gmt":"2022-05-19T08:04:57","slug":"privacy-policy","status":"publish","type":"page","link":"https:\/\/www.ht-tooldesign.de\/en\/privacy-policy\/","title":{"rendered":"Privacy Policy"},"content":{"rendered":"<p>Datenschutzerkl\u00e4rung<\/p>\n<p><strong>Datenschutzerkl\u00e4rung und Informationen gem\u00e4\u00df Art. 13 DS-GVO<\/strong><\/p>\n<p><strong>Allgemeines<\/strong><\/p>\n<p>Wir freuen uns \u00fcber den Besuch unseres Internetauftritts und \u00fcber Ihr Interesse an unseren Dienstleistungen. Wir messen dem Schutz Ihrer Privatsph\u00e4re als Nutzer unseres Internetauftritts h\u00f6chste Bedeutung bei und halten uns bei der Erhebung, Verarbeitung und Nutzung streng an die datenschutzrechtlichen Bestimmungen. Dies gilt insbesondere f\u00fcr die Verarbeitung Ihrer personenbezogenen Daten.<\/p>\n<p>&nbsp;<\/p>\n<p><strong>Name und Kontaktdaten des Verantwortlichen<\/strong><\/p>\n<p>Marcus B\u00fchner<br \/>\nH&amp;T Tool Design GmbH &amp; Co. KG<br \/>\nAm Meilenstein 8 \u2013 19<br \/>\n34431 Marsberg<br \/>\nPhone +49 2991 980-321<br \/>\nE-Mail: marcus.buehner[at]ht-group.com<\/p>\n<p>&nbsp;<\/p>\n<p><strong>Kontaktdaten des Datenschutzbeauftragten<\/strong><\/p>\n<p>Oliver Baldner<br \/>\nPhone +49 5251 6889480<br \/>\nFax: +49 5251 6889484<br \/>\nE-Mail: info[at]bits.gmbh<\/p>\n<p>&nbsp;<\/p>\n<p><strong>Zwecke, f\u00fcr die die personenbezogenen Daten verarbeitet werden sowie die Rechtsgrundlage der Verarbeitung:<\/strong><\/p>\n<p><img loading=\"lazy\" decoding=\"async\" class=\"alignnone size-full wp-image-2592\" src=\"https:\/\/www.ht-tooldesign.de\/wp-content\/uploads\/2021\/03\/pic-1-1.jpg\" alt=\"privacy policy\" width=\"1431\" height=\"579\" \/><\/p>\n<p>Sofern Ihre personenbezogenen Daten zur Wahrung der berechtigten Interessen des Verantwortlichen gem\u00e4\u00df Art. 6 Abs. 1 lit. f DS-GVO verarbeitet werden, bestehen die berechtigten Interessen darin, den Internetauftritt permanent zu analysieren und zu verbessern sowie die Benutzerfreundlichkeit zu optimieren. Wenn Techniken zur Reichweitenmessung zum Einsatz kommen, werden Sie in dieser Datenschutzerkl\u00e4rung gesondert dar\u00fcber informiert und es wird Ihnen eine M\u00f6glichkeit zum Widerspruch einger\u00e4umt. Unser berechtigtes Interesse zur Reichweitenmessung dient der Analyse, der Optimierung und des wirtschaftlichen Betriebs unseres Internetauftritts.<\/p>\n<p><strong>Kategorien personenbezogener Daten, die verarbeitet werden<\/strong><\/p>\n<p>Bei der Nutzung unseres Internetauftritts werden aus organisatorischen und technischen Gr\u00fcnden folgende Daten verarbeitet:<\/p>\n<p>&nbsp;<\/p>\n<ul>\n<li>IP-Adressen der Besucher<\/li>\n<li>Name der aufgerufenen Seiten<\/li>\n<li>Datum und Uhrzeit des Zugriffs<\/li>\n<li>Name der heruntergeladenen Dateien<\/li>\n<\/ul>\n<p>&nbsp;<\/p>\n<p>Die Identit\u00e4t der Nutzer ist uns nicht bekannt und wir unternehmen auch keine Ma\u00dfnahmen, um entsprechende Informationen anderweitig zu erlangen. Wir werten diese technischen Daten anonym und lediglich zu statistischen Zwecken aus, um unseren Internetauftritt st\u00e4ndig weiter optimieren und die Internetangebote noch attraktiver gestalten zu k\u00f6nnen. Diese anonymen Daten werden getrennt von personenbezogenen Informationen auf gesicherten Systemen gespeichert. Ihre personenbezogenen Daten und Ihre Privatsph\u00e4re sind also jederzeit gesch\u00fctzt. Sofern Sie uns Daten \u00fcber unsere Online-Formulare \u00fcbermitteln, werden die von Ihnen zur Verf\u00fcgung gestellten personenbezogenen Daten zur Erf\u00fcllung des jeweiligen Zwecks verarbeitet.<\/p>\n<p>&nbsp;<\/p>\n<p><strong>Empf\u00e4nger Ihrer personenbezogenen Daten<\/strong><\/p>\n<p>Eine Weitergabe Ihrer personenbezogenen Daten an Dritte erfolgt ausschlie\u00dflich aufgrund Ihrer erteilten Einwilligung oder aufgrund eines gesetzlichen Erlaubnistatbestands. \u00dcbermittlungen Ihrer personenbezogenen Daten an auskunftsberechtigte staatliche Institutionen und Beh\u00f6rden erfolgen nur im Rahmen der einschl\u00e4gigen Gesetze bzw. sofern wir durch eine gerichtliche Entscheidung dazu verpflichtet sind. Unsere Mitarbeitenden sind zur Verschwiegenheit und zur Einhaltung der Bestimmungen der Gesetze zum Datenschutz verpflichtet. Zur technischen Durchf\u00fchrung der zur Verf\u00fcgung gestellten Dienstleistungen haben wir entsprechende Unternehmen beauftragt, die Ihre personenbezogenen Daten in unserem Auftrag verarbeiten. Diese sind:<\/p>\n<table width=\"100%\">\n<tbody>\n<tr>\n<td width=\"453\"><strong>Auftragnehmer<\/strong><\/td>\n<td width=\"453\"><strong>Erbrachte Dienstleistung<\/strong><\/td>\n<\/tr>\n<tr>\n<td width=\"453\">XNC GmbH<\/td>\n<td width=\"453\">Hosting des Internetauftritts<\/td>\n<\/tr>\n<\/tbody>\n<\/table>\n<p>&nbsp;<\/p>\n<p><strong>Einsatz von Cookies<\/strong><\/p>\n<p>Dieser Internetauftritt verwendet sog. Cookies. Hierbei handelt es sich um kleine Text-Dateien, die von unserem Webserver an Ihren Browser gesendet und auf der Festplatte Ihres Computers gespeichert werden. Dabei werden keine pers\u00f6nlichen Daten gespeichert, sondern nur ein individuelles Pseudonym. Diese Information dient z. B. dazu, Sie w\u00e4hrend der Navigation auf unseren Seiten wiederzuerkennen, und Ihnen die Navigation zu erleichtern.<\/p>\n<p>Sie k\u00f6nnen Ihren Browser so einstellen, dass er Sie \u00fcber die Platzierung von Cookies informiert. So wird der Gebrauch der Cookies f\u00fcr Sie transparent. Alternativ k\u00f6nnen Sie diesen Internetauftritt auch ohne Cookies betrachten. Dies k\u00f6nnen Sie in Ihrem jeweiligen Browser voreinstellen. Bitte beachten Sie, dass dann eventuell einige Funktionen der Internetseite teilweise oder vollst\u00e4ndig nicht mehr zur Verf\u00fcgung stehen.<\/p>\n<p><strong>Links zu anderen Internetauftritten<\/strong><\/p>\n<p>Unser Internetauftritt enth\u00e4lt Links zu anderen Internetauftritten. Wir haben keinen Einfluss darauf, dass deren Betreiber die Datenschutzbestimmungen einhalten. Trotz sorgf\u00e4ltiger inhaltlicher Kontrolle \u00fcbernehmen wir keine Haftung f\u00fcr die Inhalte der externen Links. F\u00fcr den Inhalt der verlinkten Seiten sind ausschlie\u00dflich deren Betreiber verantwortlich.<\/p>\n<p><strong><br \/>\nIhre Sicherheit<\/strong><\/p>\n<p>Wir sch\u00fctzen Ihre Daten durch technische und organisatorische Ma\u00dfnahmen vor unberechtigtem Zugriff, Verlust, Manipulation oder Zerst\u00f6rung. Unsere Sicherheitsma\u00dfnahmen werden entsprechend der technologischen Entwicklung stetig aktualisiert. Die gesamte Kommunikation zwischen Ihrem Endger\u00e4t und unseren Servern erfolgt ausschlie\u00dflich verschl\u00fcsselt. Dies gilt sowohl f\u00fcr den Download von Dokumenten oder Informationen, die wir Ihnen \u00fcber unseren Internetauftritt anbieten, als auch f\u00fcr Informationen, die Sie uns \u00fcber das Kontaktformular zur Verf\u00fcgung stellen.<\/p>\n<p><strong><br \/>\nDauer der Speicherung<br \/>\n<\/strong>Die personenbezogenen Daten, die Sie uns zur Verf\u00fcgung gestellt haben, werden automatisch gel\u00f6scht, sofern die Zwecke der Verarbeitung entfallen sind. Im Einzelnen gelten die folgenden Speicherfristen f\u00fcr die folgenden Kategorien:<\/p>\n<hr \/>\n<p>Technische Daten und Protokolle zur Sicherstellung des Betriebs des Internetauftritts:<\/p>\n<p><strong>L\u00f6schfrist:<\/strong> 1 Monat<\/p>\n<hr \/>\n<p>Inhalte, die Sie uns \u00fcber das Kontaktformular zukommen lassen:<\/p>\n<p><strong>L\u00f6schfrist:<\/strong> Die Speicherfristen dieser Inhalte richten sich nach der Art der \u00fcbermittelten Informationen und den daf\u00fcr jeweils geltenden gesetzlichen Aufbewahrungsfristen.<\/p>\n<hr \/>\n<p>&nbsp;<\/p>\n<p><strong>Betroffenenrechte<\/strong><\/p>\n<p>Sie haben jederzeit das Recht auf Auskunft \u00fcber die zu Ihnen gespeicherten personenbezogenen Daten. Sie haben dar\u00fcber hinaus gem\u00e4\u00df der Artikel 16 bis 20 DS-GVO das Recht auf Berichtigung unrichtiger Daten, das Recht auf L\u00f6schung Ihrer personenbezogenen Daten, das Recht auf Einschr\u00e4nkung der Verarbeitung Ihrer personenbezogenen Daten sowie das Recht auf Daten\u00fcbertragbarkeit.<\/p>\n<p><strong><br \/>\nRecht auf Widerruf der Einwilligungen<\/strong><\/p>\n<p>Sie haben jederzeit das Recht, eine erteilte Einwilligung zu widerrufen. Der Widerruf gilt mit sofortiger Wirkung f\u00fcr die Zukunft. Die Rechtm\u00e4\u00dfigkeit der aufgrund einer Einwilligung bis zum Widerruf erfolgten Verarbeitungen werden durch den Widerruf nicht ber\u00fchrt.<\/p>\n<p><strong>Beschwerderecht<\/strong><\/p>\n<p>Sofern Sie der Ansicht sind, dass die Verarbeitung Ihrer personenbezogenen Daten gegen die DS-GVO verst\u00f6\u00dft, haben Sie das Recht auf Beschwerde bei einer Aufsichtsbeh\u00f6rde.<\/p>\n<p><strong><br \/>\nBereitstellung Ihrer personenbezogenen Daten<\/strong><\/p>\n<p>Personenbezogene Daten sind Informationen zu Ihrer Identit\u00e4t. Hierunter fallen z.B. Angaben wie Name, Adresse, Telefonnummer oder auch die E-Mail-Adresse. F\u00fcr die Nutzung dieses Internetangebots ist es nicht erforderlich, dass Sie personenbezogene Daten preisgeben m\u00fcssen. In bestimmten F\u00e4llen ben\u00f6tigen wir jedoch Ihren Namen und Ihre Adresse sowie weitere Angaben, damit wir die gew\u00fcnschten Dienstleistungen erbringen k\u00f6nnen.<\/p>\n<p>Dieses gilt beispielsweise f\u00fcr die Verwendung unseres Kontaktformulars, die Zusendung von Informationen, f\u00fcr die Beantwortung individueller Fragen oder f\u00fcr die Verwendung unseres Formulars f\u00fcr Online-Bewerbungen. Wo dies erforderlich ist, weisen wir Sie entsprechend darauf hin. Dar\u00fcber hinaus speichern und verarbeiten wir nur Daten, die Sie freiwillig oder automatisch zur Verf\u00fcgung stellen. Sofern Sie Beratungsleistungen in Anspruch nehmen, werden in der Regel nur solche Daten erhoben, die zur Erbringung der Leistungen ben\u00f6tigt werden. Soweit wir Sie um weitergehende Daten bitten, handelt es sich um freiwillige Informationen. Die von Ihnen zur Verf\u00fcgung gestellten personenbezogenen Daten werden ausschlie\u00dflich f\u00fcr die Ihnen mitgeteilten und erl\u00e4uterten Zwecke verarbeitet.<\/p>\n<p><strong><br \/>\n\u00c4nderung der Datenschutzbestimmungen<\/strong><\/p>\n<p>Wir behalten uns das Recht vor, jederzeit die Sicherheits- und Datenschutzma\u00dfnahmen zu ver\u00e4ndern, insbesondere soweit dies aufgrund der technischen Entwicklung erforderlich wird. In diesen F\u00e4llen werden wir ggf. auch diese Hinweise zum Datenschutz entsprechend anpassen. Bitte beachten Sie daher die jeweils aktuelle Version dieser Datenschutzerkl\u00e4rung.<\/p>\n<p>&nbsp;<\/p>\n<p><strong>Fragen, Anregungen, Beschwerden<\/strong><\/p>\n<p>Wenn Sie weitergehende Fragen zu den Hinweisen zum Datenschutz und zur Verarbeitung Ihrer pers\u00f6nlichen Daten haben, k\u00f6nnen Sie sich direkt an unseren Datenschutzbeauftragten unter Verwendung der oben angegebenen Kontaktdaten wenden.<\/p>\n<p>&nbsp;<\/p>\n<p>&nbsp;<\/p>\n","protected":false},"excerpt":{"rendered":"<p>Datenschutzerkl\u00e4rung Datenschutzerkl\u00e4rung und Informationen gem\u00e4\u00df Art. 13 DS-GVO Allgemeines Wir freuen uns \u00fcber den Besuch unseres Internetauftritts und \u00fcber Ihr Interesse an unseren Dienstleistungen. Wir messen dem Schutz Ihrer Privatsph\u00e4re als Nutzer unseres Internetauftritts h\u00f6chste Bedeutung bei und halten uns bei der Erhebung, Verarbeitung und Nutzung streng an die datenschutzrechtlichen Bestimmungen. Dies gilt insbesondere f\u00fcr [&hellip;]<\/p>\n","protected":false},"author":2,"featured_media":0,"parent":0,"menu_order":44,"comment_status":"closed","ping_status":"closed","template":"","meta":{"_acf_changed":false,"_relevanssi_hide_post":"","_relevanssi_hide_content":"","_relevanssi_pin_for_all":"","_relevanssi_pin_keywords":"","_relevanssi_unpin_keywords":"","_relevanssi_related_keywords":"","_relevanssi_related_include_ids":"","_relevanssi_related_exclude_ids":"","_relevanssi_related_no_append":"","_relevanssi_related_not_related":"","_relevanssi_related_posts":"","_relevanssi_noindex_reason":"","footnotes":""},"class_list":["post-3","page","type-page","status-publish","hentry"],"acf":[],"yoast_head":"<!-- This site is optimized with the Yoast SEO plugin v27.3 - https:\/\/yoast.com\/product\/yoast-seo-wordpress\/ -->\n<title>Privacy Policy &#8212; H&amp;T Tool Design GmbH<\/title>\n<meta name=\"description\" content=\"H&amp;T Tool Design privacy policy protects users of our website. H&amp;T Tool Design strictly adhere to data protection regulations.\" \/>\n<meta name=\"robots\" content=\"index, follow, max-snippet:-1, max-image-preview:large, max-video-preview:-1\" \/>\n<link rel=\"canonical\" href=\"https:\/\/www.ht-tooldesign.de\/en\/privacy-policy\/\" \/>\n<meta property=\"og:locale\" content=\"en_US\" \/>\n<meta property=\"og:type\" content=\"article\" \/>\n<meta property=\"og:title\" content=\"Privacy Policy &#8212; H&amp;T Tool Design GmbH\" \/>\n<meta property=\"og:description\" content=\"H&amp;T Tool Design privacy policy protects users of our website. H&amp;T Tool Design strictly adhere to data protection regulations.\" \/>\n<meta property=\"og:url\" content=\"https:\/\/www.ht-tooldesign.de\/en\/privacy-policy\/\" \/>\n<meta property=\"og:site_name\" content=\"H&amp;T Tool Design GmbH\" \/>\n<meta property=\"article:modified_time\" content=\"2022-05-19T08:04:57+00:00\" \/>\n<meta property=\"og:image\" content=\"https:\/\/www.ht-tooldesign.de\/wp-content\/uploads\/2021\/03\/pic-1-1.jpg\" \/>\n<meta name=\"twitter:card\" content=\"summary_large_image\" \/>\n<meta name=\"twitter:label1\" content=\"Est. reading time\" \/>\n\t<meta name=\"twitter:data1\" content=\"7 minutes\" \/>\n<script type=\"application\/ld+json\" class=\"yoast-schema-graph\">{\"@context\":\"https:\\\/\\\/schema.org\",\"@graph\":[{\"@type\":\"WebPage\",\"@id\":\"https:\\\/\\\/www.ht-tooldesign.de\\\/en\\\/privacy-policy\\\/\",\"url\":\"https:\\\/\\\/www.ht-tooldesign.de\\\/en\\\/privacy-policy\\\/\",\"name\":\"Privacy Policy &#8212; H&amp;T Tool Design GmbH\",\"isPartOf\":{\"@id\":\"https:\\\/\\\/www.ht-tooldesign.de\\\/en\\\/#website\"},\"primaryImageOfPage\":{\"@id\":\"https:\\\/\\\/www.ht-tooldesign.de\\\/en\\\/privacy-policy\\\/#primaryimage\"},\"image\":{\"@id\":\"https:\\\/\\\/www.ht-tooldesign.de\\\/en\\\/privacy-policy\\\/#primaryimage\"},\"thumbnailUrl\":\"https:\\\/\\\/www.ht-tooldesign.de\\\/wp-content\\\/uploads\\\/2021\\\/03\\\/pic-1-1.jpg\",\"datePublished\":\"2018-07-31T08:48:32+00:00\",\"dateModified\":\"2022-05-19T08:04:57+00:00\",\"description\":\"H&T Tool Design privacy policy protects users of our website. H&T Tool Design strictly adhere to data protection regulations.\",\"breadcrumb\":{\"@id\":\"https:\\\/\\\/www.ht-tooldesign.de\\\/en\\\/privacy-policy\\\/#breadcrumb\"},\"inLanguage\":\"en-US\",\"potentialAction\":[{\"@type\":\"ReadAction\",\"target\":[\"https:\\\/\\\/www.ht-tooldesign.de\\\/en\\\/privacy-policy\\\/\"]}]},{\"@type\":\"ImageObject\",\"inLanguage\":\"en-US\",\"@id\":\"https:\\\/\\\/www.ht-tooldesign.de\\\/en\\\/privacy-policy\\\/#primaryimage\",\"url\":\"https:\\\/\\\/www.ht-tooldesign.de\\\/wp-content\\\/uploads\\\/2021\\\/03\\\/pic-1-1.jpg\",\"contentUrl\":\"https:\\\/\\\/www.ht-tooldesign.de\\\/wp-content\\\/uploads\\\/2021\\\/03\\\/pic-1-1.jpg\"},{\"@type\":\"BreadcrumbList\",\"@id\":\"https:\\\/\\\/www.ht-tooldesign.de\\\/en\\\/privacy-policy\\\/#breadcrumb\",\"itemListElement\":[{\"@type\":\"ListItem\",\"position\":1,\"name\":\"Home\",\"item\":\"https:\\\/\\\/www.ht-tooldesign.de\\\/en\\\/\"},{\"@type\":\"ListItem\",\"position\":2,\"name\":\"Privacy Policy\"}]},{\"@type\":\"WebSite\",\"@id\":\"https:\\\/\\\/www.ht-tooldesign.de\\\/en\\\/#website\",\"url\":\"https:\\\/\\\/www.ht-tooldesign.de\\\/en\\\/\",\"name\":\"H&T Tool Design GmbH\",\"description\":\"\",\"publisher\":{\"@id\":\"https:\\\/\\\/www.ht-tooldesign.de\\\/en\\\/#organization\"},\"potentialAction\":[{\"@type\":\"SearchAction\",\"target\":{\"@type\":\"EntryPoint\",\"urlTemplate\":\"https:\\\/\\\/www.ht-tooldesign.de\\\/en\\\/?s={search_term_string}\"},\"query-input\":{\"@type\":\"PropertyValueSpecification\",\"valueRequired\":true,\"valueName\":\"search_term_string\"}}],\"inLanguage\":\"en-US\"},{\"@type\":\"Organization\",\"@id\":\"https:\\\/\\\/www.ht-tooldesign.de\\\/en\\\/#organization\",\"name\":\"H&T Tool Design GmbH\",\"url\":\"https:\\\/\\\/www.ht-tooldesign.de\\\/en\\\/\",\"logo\":{\"@type\":\"ImageObject\",\"inLanguage\":\"en-US\",\"@id\":\"https:\\\/\\\/www.ht-tooldesign.de\\\/en\\\/#\\\/schema\\\/logo\\\/image\\\/\",\"url\":\"https:\\\/\\\/www.ht-tooldesign.de\\\/wp-content\\\/uploads\\\/2020\\\/11\\\/hti-tooldesign-marsberg-logo-pantone-gray-black.jpg\",\"contentUrl\":\"https:\\\/\\\/www.ht-tooldesign.de\\\/wp-content\\\/uploads\\\/2020\\\/11\\\/hti-tooldesign-marsberg-logo-pantone-gray-black.jpg\",\"width\":1315,\"height\":390,\"caption\":\"H&T Tool Design GmbH\"},\"image\":{\"@id\":\"https:\\\/\\\/www.ht-tooldesign.de\\\/en\\\/#\\\/schema\\\/logo\\\/image\\\/\"}}]}<\/script>\n<!-- \/ Yoast SEO plugin. -->","yoast_head_json":{"title":"Privacy Policy &#8212; H&amp;T Tool Design GmbH","description":"H&T Tool Design privacy policy protects users of our website. H&T Tool Design strictly adhere to data protection regulations.","robots":{"index":"index","follow":"follow","max-snippet":"max-snippet:-1","max-image-preview":"max-image-preview:large","max-video-preview":"max-video-preview:-1"},"canonical":"https:\/\/www.ht-tooldesign.de\/en\/privacy-policy\/","og_locale":"en_US","og_type":"article","og_title":"Privacy Policy &#8212; H&amp;T Tool Design GmbH","og_description":"H&T Tool Design privacy policy protects users of our website. H&T Tool Design strictly adhere to data protection regulations.","og_url":"https:\/\/www.ht-tooldesign.de\/en\/privacy-policy\/","og_site_name":"H&amp;T Tool Design GmbH","article_modified_time":"2022-05-19T08:04:57+00:00","og_image":[{"url":"https:\/\/www.ht-tooldesign.de\/wp-content\/uploads\/2021\/03\/pic-1-1.jpg","type":"","width":"","height":""}],"twitter_card":"summary_large_image","twitter_misc":{"Est. reading time":"7 minutes"},"schema":{"@context":"https:\/\/schema.org","@graph":[{"@type":"WebPage","@id":"https:\/\/www.ht-tooldesign.de\/en\/privacy-policy\/","url":"https:\/\/www.ht-tooldesign.de\/en\/privacy-policy\/","name":"Privacy Policy &#8212; H&amp;T Tool Design GmbH","isPartOf":{"@id":"https:\/\/www.ht-tooldesign.de\/en\/#website"},"primaryImageOfPage":{"@id":"https:\/\/www.ht-tooldesign.de\/en\/privacy-policy\/#primaryimage"},"image":{"@id":"https:\/\/www.ht-tooldesign.de\/en\/privacy-policy\/#primaryimage"},"thumbnailUrl":"https:\/\/www.ht-tooldesign.de\/wp-content\/uploads\/2021\/03\/pic-1-1.jpg","datePublished":"2018-07-31T08:48:32+00:00","dateModified":"2022-05-19T08:04:57+00:00","description":"H&T Tool Design privacy policy protects users of our website. H&T Tool Design strictly adhere to data protection regulations.","breadcrumb":{"@id":"https:\/\/www.ht-tooldesign.de\/en\/privacy-policy\/#breadcrumb"},"inLanguage":"en-US","potentialAction":[{"@type":"ReadAction","target":["https:\/\/www.ht-tooldesign.de\/en\/privacy-policy\/"]}]},{"@type":"ImageObject","inLanguage":"en-US","@id":"https:\/\/www.ht-tooldesign.de\/en\/privacy-policy\/#primaryimage","url":"https:\/\/www.ht-tooldesign.de\/wp-content\/uploads\/2021\/03\/pic-1-1.jpg","contentUrl":"https:\/\/www.ht-tooldesign.de\/wp-content\/uploads\/2021\/03\/pic-1-1.jpg"},{"@type":"BreadcrumbList","@id":"https:\/\/www.ht-tooldesign.de\/en\/privacy-policy\/#breadcrumb","itemListElement":[{"@type":"ListItem","position":1,"name":"Home","item":"https:\/\/www.ht-tooldesign.de\/en\/"},{"@type":"ListItem","position":2,"name":"Privacy Policy"}]},{"@type":"WebSite","@id":"https:\/\/www.ht-tooldesign.de\/en\/#website","url":"https:\/\/www.ht-tooldesign.de\/en\/","name":"H&T Tool Design GmbH","description":"","publisher":{"@id":"https:\/\/www.ht-tooldesign.de\/en\/#organization"},"potentialAction":[{"@type":"SearchAction","target":{"@type":"EntryPoint","urlTemplate":"https:\/\/www.ht-tooldesign.de\/en\/?s={search_term_string}"},"query-input":{"@type":"PropertyValueSpecification","valueRequired":true,"valueName":"search_term_string"}}],"inLanguage":"en-US"},{"@type":"Organization","@id":"https:\/\/www.ht-tooldesign.de\/en\/#organization","name":"H&T Tool Design GmbH","url":"https:\/\/www.ht-tooldesign.de\/en\/","logo":{"@type":"ImageObject","inLanguage":"en-US","@id":"https:\/\/www.ht-tooldesign.de\/en\/#\/schema\/logo\/image\/","url":"https:\/\/www.ht-tooldesign.de\/wp-content\/uploads\/2020\/11\/hti-tooldesign-marsberg-logo-pantone-gray-black.jpg","contentUrl":"https:\/\/www.ht-tooldesign.de\/wp-content\/uploads\/2020\/11\/hti-tooldesign-marsberg-logo-pantone-gray-black.jpg","width":1315,"height":390,"caption":"H&T Tool Design GmbH"},"image":{"@id":"https:\/\/www.ht-tooldesign.de\/en\/#\/schema\/logo\/image\/"}}]}},"_links":{"self":[{"href":"https:\/\/www.ht-tooldesign.de\/en\/wp-json\/wp\/v2\/pages\/3","targetHints":{"allow":["GET"]}}],"collection":[{"href":"https:\/\/www.ht-tooldesign.de\/en\/wp-json\/wp\/v2\/pages"}],"about":[{"href":"https:\/\/www.ht-tooldesign.de\/en\/wp-json\/wp\/v2\/types\/page"}],"author":[{"embeddable":true,"href":"https:\/\/www.ht-tooldesign.de\/en\/wp-json\/wp\/v2\/users\/2"}],"replies":[{"embeddable":true,"href":"https:\/\/www.ht-tooldesign.de\/en\/wp-json\/wp\/v2\/comments?post=3"}],"version-history":[{"count":24,"href":"https:\/\/www.ht-tooldesign.de\/en\/wp-json\/wp\/v2\/pages\/3\/revisions"}],"predecessor-version":[{"id":3268,"href":"https:\/\/www.ht-tooldesign.de\/en\/wp-json\/wp\/v2\/pages\/3\/revisions\/3268"}],"wp:attachment":[{"href":"https:\/\/www.ht-tooldesign.de\/en\/wp-json\/wp\/v2\/media?parent=3"}],"curies":[{"name":"wp","href":"https:\/\/api.w.org\/{rel}","templated":true}]}}